{"id":971,"date":"2025-04-03T16:32:03","date_gmt":"2025-04-03T16:32:03","guid":{"rendered":"https:\/\/lukosvision.cl\/?page_id=971"},"modified":"2025-04-11T13:45:12","modified_gmt":"2025-04-11T13:45:12","slug":"gobierno-regional-de-magallanes-y-de-la-antartica-chilena","status":"publish","type":"page","link":"https:\/\/agorechi.cl\/index.php\/regiones\/gobierno-regional-de-magallanes-y-de-la-antartica-chilena\/","title":{"rendered":"Gobierno Regional de Magallanes y de la Ant\u00e1rtica Chilena"},"content":{"rendered":"\n<div class=\"wp-block-group region-content\"><div class=\"wp-block-group__inner-container is-layout-constrained wp-block-group-is-layout-constrained\">\n<figure class=\"wp-block-image size-full img-principal\"><img fetchpriority=\"high\" decoding=\"async\" width=\"1200\" height=\"633\" src=\"https:\/\/agorechi.cl\/wp-content\/uploads\/2025\/04\/armas-guerra-exintendencia-magallanes.png\" alt=\"\" class=\"wp-image-972\" srcset=\"https:\/\/agorechi.cl\/wp-content\/uploads\/2025\/04\/armas-guerra-exintendencia-magallanes.png 1200w, https:\/\/agorechi.cl\/wp-content\/uploads\/2025\/04\/armas-guerra-exintendencia-magallanes-300x158.png 300w, https:\/\/agorechi.cl\/wp-content\/uploads\/2025\/04\/armas-guerra-exintendencia-magallanes-1024x540.png 1024w, https:\/\/agorechi.cl\/wp-content\/uploads\/2025\/04\/armas-guerra-exintendencia-magallanes-768x405.png 768w\" sizes=\"(max-width: 1200px) 100vw, 1200px\" \/><\/figure>\n\n\n\n<div class=\"wp-block-group img-arrow is-nowrap is-layout-flex wp-container-core-group-is-layout-ad2f72ca wp-block-group-is-layout-flex\">\n<figure class=\"wp-block-image size-full\"><img decoding=\"async\" width=\"694\" height=\"390\" src=\"https:\/\/agorechi.cl\/wp-content\/uploads\/2025\/04\/punta-arenas_m.jpg.image_.694.390.low_.webp\" alt=\"\" class=\"wp-image-974\" srcset=\"https:\/\/agorechi.cl\/wp-content\/uploads\/2025\/04\/punta-arenas_m.jpg.image_.694.390.low_.webp 694w, https:\/\/agorechi.cl\/wp-content\/uploads\/2025\/04\/punta-arenas_m.jpg.image_.694.390.low_-300x169.webp 300w\" sizes=\"(max-width: 694px) 100vw, 694px\" \/><\/figure>\n\n\n\n<figure class=\"wp-block-image size-full\"><img decoding=\"async\" width=\"800\" height=\"500\" src=\"https:\/\/agorechi.cl\/wp-content\/uploads\/2025\/04\/region-de-magallanes.jpg\" alt=\"\" class=\"wp-image-975\" srcset=\"https:\/\/agorechi.cl\/wp-content\/uploads\/2025\/04\/region-de-magallanes.jpg 800w, https:\/\/agorechi.cl\/wp-content\/uploads\/2025\/04\/region-de-magallanes-300x188.jpg 300w, https:\/\/agorechi.cl\/wp-content\/uploads\/2025\/04\/region-de-magallanes-768x480.jpg 768w\" sizes=\"(max-width: 800px) 100vw, 800px\" \/><\/figure>\n\n\n\n<figure class=\"wp-block-image size-full\"><img loading=\"lazy\" decoding=\"async\" width=\"1400\" height=\"1111\" src=\"https:\/\/agorechi.cl\/wp-content\/uploads\/2025\/04\/torres.jpg\" alt=\"\" class=\"wp-image-976\" srcset=\"https:\/\/agorechi.cl\/wp-content\/uploads\/2025\/04\/torres.jpg 1400w, https:\/\/agorechi.cl\/wp-content\/uploads\/2025\/04\/torres-300x238.jpg 300w, https:\/\/agorechi.cl\/wp-content\/uploads\/2025\/04\/torres-1024x813.jpg 1024w, https:\/\/agorechi.cl\/wp-content\/uploads\/2025\/04\/torres-768x609.jpg 768w\" sizes=\"(max-width: 1400px) 100vw, 1400px\" \/><\/figure>\n<\/div>\n\n\n\n<div class=\"wp-block-group content is-vertical is-layout-flex wp-container-core-group-is-layout-8cf370e7 wp-block-group-is-layout-flex\">\n<p><strong>Tel\u00e9fono: 56 61 2203700<\/strong><\/p>\n\n\n\n<p><strong>Direcci\u00f3n: Plaza Mu\u00f1oz Gamero 1028, Ej\u00e9rcito 405, Punta Arenas, Regi\u00f3n de Magallanes y la Ant\u00e1rtica Chilena,\u00a0 Chile.<\/strong><\/p>\n\n\n\n<p><strong>Web: <\/strong><a href=\"https:\/\/www.goremagallanes.cl\/\"><strong>https:\/\/www.goremagallanes.cl\/<\/strong><\/a><strong><\/strong><\/p>\n<\/div>\n<\/div><\/div>\n","protected":false},"excerpt":{"rendered":"<p>Tel\u00e9fono: 56 61 2203700 Direcci\u00f3n: Plaza Mu\u00f1oz Gamero 1028, Ej\u00e9rcito 405, Punta Arenas, Regi\u00f3n de Magallanes y la Ant\u00e1rtica Chilena,\u00a0 Chile. Web: https:\/\/www.goremagallanes.cl\/<\/p>\n","protected":false},"author":1,"featured_media":0,"parent":20,"menu_order":0,"comment_status":"closed","ping_status":"closed","template":"","meta":{"_acf_changed":false,"_uag_custom_page_level_css":"","_kadence_starter_templates_imported_post":false,"_kad_post_transparent":"","_kad_post_title":"","_kad_post_layout":"","_kad_post_sidebar_id":"","_kad_post_content_style":"","_kad_post_vertical_padding":"","_kad_post_feature":"","_kad_post_feature_position":"","_kad_post_header":false,"_kad_post_footer":false,"footnotes":""},"class_list":["post-971","page","type-page","status-publish","hentry"],"acf":[],"uagb_featured_image_src":{"full":false,"thumbnail":false,"medium":false,"medium_large":false,"large":false,"1536x1536":false,"2048x2048":false},"uagb_author_info":{"display_name":"admin","author_link":"https:\/\/agorechi.cl\/index.php\/author\/admin\/"},"uagb_comment_info":0,"uagb_excerpt":"Tel\u00e9fono: 56 61 2203700 Direcci\u00f3n: Plaza Mu\u00f1oz Gamero 1028, Ej\u00e9rcito 405, Punta Arenas, Regi\u00f3n de Magallanes y la Ant\u00e1rtica Chilena,\u00a0 Chile. Web: https:\/\/www.goremagallanes.cl\/","_links":{"self":[{"href":"https:\/\/agorechi.cl\/index.php\/wp-json\/wp\/v2\/pages\/971","targetHints":{"allow":["GET"]}}],"collection":[{"href":"https:\/\/agorechi.cl\/index.php\/wp-json\/wp\/v2\/pages"}],"about":[{"href":"https:\/\/agorechi.cl\/index.php\/wp-json\/wp\/v2\/types\/page"}],"author":[{"embeddable":true,"href":"https:\/\/agorechi.cl\/index.php\/wp-json\/wp\/v2\/users\/1"}],"replies":[{"embeddable":true,"href":"https:\/\/agorechi.cl\/index.php\/wp-json\/wp\/v2\/comments?post=971"}],"version-history":[{"count":1,"href":"https:\/\/agorechi.cl\/index.php\/wp-json\/wp\/v2\/pages\/971\/revisions"}],"predecessor-version":[{"id":977,"href":"https:\/\/agorechi.cl\/index.php\/wp-json\/wp\/v2\/pages\/971\/revisions\/977"}],"up":[{"embeddable":true,"href":"https:\/\/agorechi.cl\/index.php\/wp-json\/wp\/v2\/pages\/20"}],"wp:attachment":[{"href":"https:\/\/agorechi.cl\/index.php\/wp-json\/wp\/v2\/media?parent=971"}],"curies":[{"name":"wp","href":"https:\/\/api.w.org\/{rel}","templated":true}]}}