{"id":953,"date":"2025-04-03T16:17:27","date_gmt":"2025-04-03T16:17:27","guid":{"rendered":"https:\/\/lukosvision.cl\/?page_id=953"},"modified":"2025-04-03T16:17:28","modified_gmt":"2025-04-03T16:17:28","slug":"gobierno-regional-del-biobio","status":"publish","type":"page","link":"https:\/\/agorechi.cl\/index.php\/regiones\/gobierno-regional-del-biobio\/","title":{"rendered":"Gobierno Regional del Biob\u00edo"},"content":{"rendered":"\n<div class=\"wp-block-group region-content\"><div class=\"wp-block-group__inner-container is-layout-constrained wp-block-group-is-layout-constrained\">\n<figure class=\"wp-block-image size-full img-principal\"><img fetchpriority=\"high\" decoding=\"async\" width=\"2560\" height=\"1707\" src=\"https:\/\/agorechi.cl\/wp-content\/uploads\/2025\/03\/DJI_0607-scaled.jpg\" alt=\"\" class=\"wp-image-625\" srcset=\"https:\/\/agorechi.cl\/wp-content\/uploads\/2025\/03\/DJI_0607-scaled.jpg 2560w, https:\/\/agorechi.cl\/wp-content\/uploads\/2025\/03\/DJI_0607-300x200.jpg 300w, https:\/\/agorechi.cl\/wp-content\/uploads\/2025\/03\/DJI_0607-1024x683.jpg 1024w, https:\/\/agorechi.cl\/wp-content\/uploads\/2025\/03\/DJI_0607-768x512.jpg 768w, https:\/\/agorechi.cl\/wp-content\/uploads\/2025\/03\/DJI_0607-1536x1024.jpg 1536w, https:\/\/agorechi.cl\/wp-content\/uploads\/2025\/03\/DJI_0607-2048x1365.jpg 2048w\" sizes=\"(max-width: 2560px) 100vw, 2560px\" \/><\/figure>\n\n\n\n<div class=\"wp-block-group img-arrow is-nowrap is-layout-flex wp-container-core-group-is-layout-ad2f72ca wp-block-group-is-layout-flex\">\n<figure class=\"wp-block-image size-full\"><img decoding=\"async\" width=\"2560\" height=\"1707\" src=\"https:\/\/agorechi.cl\/wp-content\/uploads\/2025\/03\/88A6796-scaled.jpg\" alt=\"\" class=\"wp-image-626\" srcset=\"https:\/\/agorechi.cl\/wp-content\/uploads\/2025\/03\/88A6796-scaled.jpg 2560w, https:\/\/agorechi.cl\/wp-content\/uploads\/2025\/03\/88A6796-300x200.jpg 300w, https:\/\/agorechi.cl\/wp-content\/uploads\/2025\/03\/88A6796-1024x683.jpg 1024w, https:\/\/agorechi.cl\/wp-content\/uploads\/2025\/03\/88A6796-768x512.jpg 768w, https:\/\/agorechi.cl\/wp-content\/uploads\/2025\/03\/88A6796-1536x1024.jpg 1536w, https:\/\/agorechi.cl\/wp-content\/uploads\/2025\/03\/88A6796-2048x1365.jpg 2048w\" sizes=\"(max-width: 2560px) 100vw, 2560px\" \/><\/figure>\n\n\n\n<figure class=\"wp-block-image size-full\"><img decoding=\"async\" width=\"2560\" height=\"1707\" src=\"https:\/\/agorechi.cl\/wp-content\/uploads\/2025\/03\/88A5367-scaled.jpg\" alt=\"\" class=\"wp-image-627\" srcset=\"https:\/\/agorechi.cl\/wp-content\/uploads\/2025\/03\/88A5367-scaled.jpg 2560w, https:\/\/agorechi.cl\/wp-content\/uploads\/2025\/03\/88A5367-300x200.jpg 300w, https:\/\/agorechi.cl\/wp-content\/uploads\/2025\/03\/88A5367-1024x683.jpg 1024w, https:\/\/agorechi.cl\/wp-content\/uploads\/2025\/03\/88A5367-768x512.jpg 768w, https:\/\/agorechi.cl\/wp-content\/uploads\/2025\/03\/88A5367-1536x1024.jpg 1536w, https:\/\/agorechi.cl\/wp-content\/uploads\/2025\/03\/88A5367-2048x1365.jpg 2048w\" sizes=\"(max-width: 2560px) 100vw, 2560px\" \/><\/figure>\n\n\n\n<figure class=\"wp-block-image size-full\"><img loading=\"lazy\" decoding=\"async\" width=\"275\" height=\"183\" src=\"https:\/\/agorechi.cl\/wp-content\/uploads\/2025\/04\/images-4.jpeg\" alt=\"\" class=\"wp-image-954\"\/><\/figure>\n<\/div>\n\n\n\n<div class=\"wp-block-group content is-vertical is-layout-flex wp-container-core-group-is-layout-8cf370e7 wp-block-group-is-layout-flex\">\n<p><strong>Tel\u00e9fono: (56) 22 2509000<\/strong><\/p>\n\n\n\n<p><strong>Direcci\u00f3n: Bandera 46, Santiago, Regi\u00f3n Metropolitana, Chile.&nbsp;<\/strong><\/p>\n\n\n\n<p><strong>Web: <\/strong><a href=\"https:\/\/www.gobiernosantiago.cl\/\"><strong>https:\/\/www.gobiernosantiago.cl\/<\/strong><\/a><strong><\/strong><\/p>\n<\/div>\n<\/div><\/div>\n","protected":false},"excerpt":{"rendered":"<p>Tel\u00e9fono: (56) 22 2509000 Direcci\u00f3n: Bandera 46, Santiago, Regi\u00f3n Metropolitana, Chile.&nbsp; Web: https:\/\/www.gobiernosantiago.cl\/<\/p>\n","protected":false},"author":1,"featured_media":0,"parent":20,"menu_order":0,"comment_status":"closed","ping_status":"closed","template":"","meta":{"_acf_changed":false,"_uag_custom_page_level_css":"","_kadence_starter_templates_imported_post":false,"_kad_post_transparent":"","_kad_post_title":"","_kad_post_layout":"","_kad_post_sidebar_id":"","_kad_post_content_style":"","_kad_post_vertical_padding":"","_kad_post_feature":"","_kad_post_feature_position":"","_kad_post_header":false,"_kad_post_footer":false,"footnotes":""},"class_list":["post-953","page","type-page","status-publish","hentry"],"acf":[],"uagb_featured_image_src":{"full":false,"thumbnail":false,"medium":false,"medium_large":false,"large":false,"1536x1536":false,"2048x2048":false},"uagb_author_info":{"display_name":"admin","author_link":"https:\/\/agorechi.cl\/index.php\/author\/admin\/"},"uagb_comment_info":0,"uagb_excerpt":"Tel\u00e9fono: (56) 22 2509000 Direcci\u00f3n: Bandera 46, Santiago, Regi\u00f3n Metropolitana, Chile.&nbsp; Web: https:\/\/www.gobiernosantiago.cl\/","_links":{"self":[{"href":"https:\/\/agorechi.cl\/index.php\/wp-json\/wp\/v2\/pages\/953","targetHints":{"allow":["GET"]}}],"collection":[{"href":"https:\/\/agorechi.cl\/index.php\/wp-json\/wp\/v2\/pages"}],"about":[{"href":"https:\/\/agorechi.cl\/index.php\/wp-json\/wp\/v2\/types\/page"}],"author":[{"embeddable":true,"href":"https:\/\/agorechi.cl\/index.php\/wp-json\/wp\/v2\/users\/1"}],"replies":[{"embeddable":true,"href":"https:\/\/agorechi.cl\/index.php\/wp-json\/wp\/v2\/comments?post=953"}],"version-history":[{"count":1,"href":"https:\/\/agorechi.cl\/index.php\/wp-json\/wp\/v2\/pages\/953\/revisions"}],"predecessor-version":[{"id":955,"href":"https:\/\/agorechi.cl\/index.php\/wp-json\/wp\/v2\/pages\/953\/revisions\/955"}],"up":[{"embeddable":true,"href":"https:\/\/agorechi.cl\/index.php\/wp-json\/wp\/v2\/pages\/20"}],"wp:attachment":[{"href":"https:\/\/agorechi.cl\/index.php\/wp-json\/wp\/v2\/media?parent=953"}],"curies":[{"name":"wp","href":"https:\/\/api.w.org\/{rel}","templated":true}]}}