{"id":23,"date":"2025-02-03T21:52:58","date_gmt":"2025-02-03T21:52:58","guid":{"rendered":"https:\/\/lukosvision.cl\/?page_id=23"},"modified":"2025-05-09T17:07:26","modified_gmt":"2025-05-09T17:07:26","slug":"contactenos","status":"publish","type":"page","link":"https:\/\/agorechi.cl\/index.php\/contactenos\/","title":{"rendered":"CONTACTENOS"},"content":{"rendered":"\n<div class=\"wp-block-uagb-container uagb-block-2c7520ad alignfull uagb-is-root-container\"><div class=\"uagb-container-inner-blocks-wrap\">\n<div class=\"wp-block-uagb-container uagb-block-c1f0b912\">\n<div class=\"wp-block-uagb-advanced-heading uagb-block-56042a97\"><h1 class=\"uagb-heading-text\">CONT\u00c1CTENOS<\/h1><\/div>\n\n\n\n<p class=\"has-theme-palette-5-color has-text-color has-link-color wp-elements-3cef05fb88ed758fbe734d5543d06cd7\">En <strong>Agorechi<\/strong>, estamos aqu\u00ed para responder tus dudas, escuchar tus sugerencias y brindarte la mejor atenci\u00f3n. \u00a1No dudes en contactarnos!<\/p>\n\n\n\n<div class=\"wp-block-uagb-icon-list uagb-block-78522ebf\"><div class=\"uagb-icon-list__wrap\">\n<div class=\"wp-block-uagb-icon-list-child uagb-block-d5991c2f\"><a target=\"_blank\" aria-label=\"Direcci\u00f3nBandera 84 of 301, Santiago.\" rel=\"noopener noreferrer\" href=\"https:\/\/www.google.com\/maps\/place\/Bandera 84 of 301, Santiago.\"> <\/a><span class=\"uagb-icon-list__source-wrap\"><svg xmlns=\"https:\/\/www.w3.org\/2000\/svg\" viewBox=\"0 0 576 512\"><path d=\"M273.2 311.1C241.1 271.9 167.1 174.6 167.1 120C167.1 53.73 221.7 0 287.1 0C354.3 0 408 53.73 408 120C408 174.6 334.9 271.9 302.8 311.1C295.1 321.6 280.9 321.6 273.2 311.1V311.1zM416 503V200.4C419.5 193.5 422.7 186.7 425.6 179.8C426.1 178.6 426.6 177.4 427.1 176.1L543.1 129.7C558.9 123.4 576 135 576 152V422.8C576 432.6 570 441.4 560.9 445.1L416 503zM15.09 187.3L137.6 138.3C140 152.5 144.9 166.6 150.4 179.8C153.3 186.7 156.5 193.5 160 200.4V451.8L32.91 502.7C17.15 508.1 0 497.4 0 480.4V209.6C0 199.8 5.975 190.1 15.09 187.3H15.09zM384 504.3L191.1 449.4V255C212.5 286.3 234.3 314.6 248.2 331.1C268.7 357.6 307.3 357.6 327.8 331.1C341.7 314.6 363.5 286.3 384 255L384 504.3z\"><\/path><\/svg><\/span><span class=\"uagb-icon-list__label\"><strong>Direcci\u00f3n<\/strong><br>Bandera 84 of 301, Santiago.<\/span><\/div>\n\n\n\n<div class=\"wp-block-uagb-icon-list-child uagb-block-ee4d14e2\"><a target=\"_blank\" aria-label=\"Whatsapp+56 95416 0193\" rel=\"noopener noreferrer\" href=\"https:\/\/wa.me\/56954160193\"> <\/a><span class=\"uagb-icon-list__source-wrap\"><svg xmlns=\"https:\/\/www.w3.org\/2000\/svg\" viewBox=\"0 0 448 512\"><path d=\"M380.9 97.1C339 55.1 283.2 32 223.9 32c-122.4 0-222 99.6-222 222 0 39.1 10.2 77.3 29.6 111L0 480l117.7-30.9c32.4 17.7 68.9 27 106.1 27h.1c122.3 0 224.1-99.6 224.1-222 0-59.3-25.2-115-67.1-157zm-157 341.6c-33.2 0-65.7-8.9-94-25.7l-6.7-4-69.8 18.3L72 359.2l-4.4-7c-18.5-29.4-28.2-63.3-28.2-98.2 0-101.7 82.8-184.5 184.6-184.5 49.3 0 95.6 19.2 130.4 54.1 34.8 34.9 56.2 81.2 56.1 130.5 0 101.8-84.9 184.6-186.6 184.6zm101.2-138.2c-5.5-2.8-32.8-16.2-37.9-18-5.1-1.9-8.8-2.8-12.5 2.8-3.7 5.6-14.3 18-17.6 21.8-3.2 3.7-6.5 4.2-12 1.4-32.6-16.3-54-29.1-75.5-66-5.7-9.8 5.7-9.1 16.3-30.3 1.8-3.7 .9-6.9-.5-9.7-1.4-2.8-12.5-30.1-17.1-41.2-4.5-10.8-9.1-9.3-12.5-9.5-3.2-.2-6.9-.2-10.6-.2-3.7 0-9.7 1.4-14.8 6.9-5.1 5.6-19.4 19-19.4 46.3 0 27.3 19.9 53.7 22.6 57.4 2.8 3.7 39.1 59.7 94.8 83.8 35.2 15.2 49 16.5 66.6 13.9 10.7-1.6 32.8-13.4 37.4-26.4 4.6-13 4.6-24.1 3.2-26.4-1.3-2.5-5-3.9-10.5-6.6z\"><\/path><\/svg><\/span><span class=\"uagb-icon-list__label\"><strong>Whatsapp<\/strong><br>+56 95416 0193<\/span><\/div>\n<\/div><\/div>\n<\/div>\n\n\n\n<div class=\"wp-block-uagb-forms uagb-forms__outer-wrap uagb-block-f20827a3 uagb-forms__default-btn\"><form class=\"uagb-forms-main-form\" method=\"post\" autocomplete=\"on\" name=\"uagb-form-f20827a3\">\n<div class=\"wp-block-uagb-forms-name uagb-forms-name-wrap uagb-forms-field-set uagb-block-3f343f72\"><div class=\"uagb-forms-name-label required uagb-forms-input-label\" id=\"3f343f72\">Nombre<\/div><input type=\"text\" placeholder=\"\" required class=\"uagb-forms-name-input uagb-forms-input\" name=\"3f343f72\" autocomplete=\"given-name\"\/><\/div>\n\n\n\n<div class=\"wp-block-uagb-forms-email uagb-forms-email-wrap uagb-forms-field-set uagb-block-714c6b31\"><div class=\"uagb-forms-email-label  uagb-forms-input-label\" id=\"714c6b31\">Correo<\/div><input type=\"email\" class=\"uagb-forms-email-input uagb-forms-input\" placeholder=\"\" name=\"714c6b31\" autocomplete=\"email\"\/><\/div>\n\n\n\n<div class=\"wp-block-uagb-forms-textarea uagb-forms-textarea-wrap uagb-forms-field-set uagb-block-76270680\"><div class=\"uagb-forms-textarea-label required uagb-forms-input-label\" id=\"76270680\">Mensaje<\/div><textarea required class=\"uagb-forms-textarea-input uagb-forms-input\" rows=\"4\" placeholder=\"\" name=\"76270680\" autocomplete=\"off\"><\/textarea><\/div>\n<div class=\"uagb-forms-form-hidden-data\"><input type=\"hidden\" class=\"uagb_forms_form_label\" value=\"Spectra Form\"\/><input type=\"hidden\" class=\"uagb_forms_form_id\" value=\"uagb-form-f20827a3\"\/><\/div><div class=\"uagb-form-reacaptcha-error-f20827a3\"><\/div><div class=\"uagb-forms-main-submit-button-wrap wp-block-button\"><button class=\"uagb-forms-main-submit-button wp-block-button__link\"><div class=\"uagb-forms-main-submit-button-text\">Enviar<\/div><\/button><\/div><\/form><div class=\"uagb-forms-success-message-f20827a3 uagb-forms-submit-message-hide\"><span>The form has been submitted successfully!<\/span><\/div><div class=\"uagb-forms-failed-message-f20827a3 uagb-forms-submit-message-hide\"><span>There has been some error while submitting the form. Please verify all form fields again.<\/span><\/div><\/div>\n<\/div><\/div>\n\n\n\n<div class=\"wp-block-uagb-container uagb-block-3bcd194b alignfull uagb-is-root-container\"><div class=\"uagb-container-inner-blocks-wrap\"><style>.kb-google-maps-container23_410a6a-1d{height:450px;}<\/style><div class=\"kb-google-maps-container kb-google-maps-container23_410a6a-1d  wp-block-kadence-googlemaps\" data-mapid=\"23_410a6a1d\"><iframe width=\"100%\" height=\"100%\"\n\t\t\t\t\t\t\tstyle=\"border:0\" loading=\"lazy\"\n\t\t\t\t\t\t\tsrc=\"https:\/\/www.google.com\/maps\/embed\/v1\/place?key=AIzaSyBAM2o7PiQqwk15LC1XRH2e_KJ-jUa7KYk&#038;zoom=15&#038;maptype=roadmap&#038;q=Bandera+84%2C+piso+3%2C+oficina+301%2C++Santiago+centro.\"\n\t\t\t\t\t\t\ttitle=\"Mapa de Google de Bandera 84, piso 3, oficina 301,  Santiago centro.\"><\/iframe><\/div><script>function kb_google_map23_410a6a1d() { let center = { lat: 37.8201, lng: -122.4781}; let map = new google.maps.Map(document.getElementById(\"kb-google-map23_410a6a1d\"), {\n\t\t\t\t\t    zoom: 15,\n\t\t\t\t\t    center: center,});let marker = new google.maps.Marker({   position: { lat: 37.8201, lng: -122.4781},    map: map,  });}<\/script><\/div><\/div>\n","protected":false},"excerpt":{"rendered":"<p>CONT\u00c1CTENOS En Agorechi, estamos aqu\u00ed para responder tus dudas, escuchar tus sugerencias y brindarte la mejor atenci\u00f3n. \u00a1No dudes en contactarnos!<\/p>\n","protected":false},"author":1,"featured_media":0,"parent":0,"menu_order":0,"comment_status":"closed","ping_status":"closed","template":"","meta":{"_acf_changed":false,"_uag_custom_page_level_css":"","_kadence_starter_templates_imported_post":false,"_kad_post_transparent":"","_kad_post_title":"hide","_kad_post_layout":"","_kad_post_sidebar_id":"","_kad_post_content_style":"","_kad_post_vertical_padding":"","_kad_post_feature":"","_kad_post_feature_position":"","_kad_post_header":false,"_kad_post_footer":false,"footnotes":""},"class_list":["post-23","page","type-page","status-publish","hentry"],"acf":[],"uagb_featured_image_src":{"full":false,"thumbnail":false,"medium":false,"medium_large":false,"large":false,"1536x1536":false,"2048x2048":false},"uagb_author_info":{"display_name":"admin","author_link":"https:\/\/agorechi.cl\/index.php\/author\/admin\/"},"uagb_comment_info":0,"uagb_excerpt":"CONT\u00c1CTENOS En Agorechi, estamos aqu\u00ed para responder tus dudas, escuchar tus sugerencias y brindarte la mejor atenci\u00f3n. \u00a1No dudes en contactarnos!","_links":{"self":[{"href":"https:\/\/agorechi.cl\/index.php\/wp-json\/wp\/v2\/pages\/23","targetHints":{"allow":["GET"]}}],"collection":[{"href":"https:\/\/agorechi.cl\/index.php\/wp-json\/wp\/v2\/pages"}],"about":[{"href":"https:\/\/agorechi.cl\/index.php\/wp-json\/wp\/v2\/types\/page"}],"author":[{"embeddable":true,"href":"https:\/\/agorechi.cl\/index.php\/wp-json\/wp\/v2\/users\/1"}],"replies":[{"embeddable":true,"href":"https:\/\/agorechi.cl\/index.php\/wp-json\/wp\/v2\/comments?post=23"}],"version-history":[{"count":22,"href":"https:\/\/agorechi.cl\/index.php\/wp-json\/wp\/v2\/pages\/23\/revisions"}],"predecessor-version":[{"id":1356,"href":"https:\/\/agorechi.cl\/index.php\/wp-json\/wp\/v2\/pages\/23\/revisions\/1356"}],"wp:attachment":[{"href":"https:\/\/agorechi.cl\/index.php\/wp-json\/wp\/v2\/media?parent=23"}],"curies":[{"name":"wp","href":"https:\/\/api.w.org\/{rel}","templated":true}]}}