{"id":1001,"date":"2025-04-11T02:57:56","date_gmt":"2025-04-11T02:57:56","guid":{"rendered":"https:\/\/lukosvision.cl\/?page_id=1001"},"modified":"2025-04-14T20:41:27","modified_gmt":"2025-04-14T20:41:27","slug":"mision-vision","status":"publish","type":"page","link":"https:\/\/agorechi.cl\/index.php\/mision-vision\/","title":{"rendered":"MISION \/ VISION"},"content":{"rendered":"\n<div class=\"wp-block-uagb-container .entry-content-wrap {  padding: 2rem; background-color: #f7fafc !important; uagb-block-b2fb3f71 alignfull uagb-is-root-container\">\n<div class=\"wp-block-uagb-container uagb-block-4c799d3f\">\n<h2 class=\"wp-block-heading has-theme-palette-2-color has-text-color has-link-color has-larger-font-size wp-elements-afe798688ddc01a7605ce1798ac85c50\">Misi\u00f3n \/ Visi\u00f3n<\/h2>\n\n\n\n<hr class=\"wp-block-separator has-alpha-channel-opacity is-style-wide\"\/>\n\n\n\n<h3 class=\"wp-block-heading has-theme-palette-2-color has-text-color has-link-color has-large-font-size wp-elements-b00e9f7dac1c2d90f3520a5a6d9034bc\">Misi\u00f3n<\/h3>\n\n\n\n<p class=\"has-theme-palette-4-color has-text-color has-link-color has-medium-font-size wp-elements-c97e048da1795dc2a0414540f2f7458c\" style=\"margin-top:var(--wp--preset--spacing--60);margin-bottom:var(--wp--preset--spacing--60)\">El sentido que define la asociaci\u00f3n es potenciar el desarrollo territorial y a trav\u00e9s de la descentralizaci\u00f3n del Estado.<br>Si bien las asociaciones son eminentemente pol\u00edticas, tanto en su origen como en sus objetivos, tambi\u00e9n tienen un componente t\u00e9cnico. Esa dualidad les otorga un sentido estrat\u00e9gico en el cual la defensa de intereses regionales se expresa casi siempre a trav\u00e9s de asuntos pr\u00e1cticos que demandan experiencia, informaci\u00f3n y propuestas concretas.<br>Su organizaci\u00f3n pluralista es la fuerza natural de una asociaci\u00f3n que integra a todos los gobernadores y gobernadoras regionales de diferentes tendencias pol\u00edticas. El esp\u00edritu de la asociaci\u00f3n ser\u00e1 de un total pluralismo pol\u00edtico.<br>La adhesi\u00f3n a esta asociaci\u00f3n es voluntaria, es decir, no es producto de la ley nacional si no de una suma de iniciativas regionales.<\/p>\n\n\n\n<h3 class=\"wp-block-heading has-theme-palette-2-color has-text-color has-link-color has-large-font-size wp-elements-fba6f495f855bde3173dcd086d367938\">Visi\u00f3n<\/h3>\n\n\n\n<p class=\"has-theme-palette-4-color has-text-color has-link-color has-medium-font-size wp-elements-d0e97b97b401ef80c20f4f00ae2a5cc0\" style=\"margin-top:var(--wp--preset--spacing--70);margin-bottom:var(--wp--preset--spacing--70)\">El objetivo de la asociaci\u00f3n es el de promover el desarrollo de las regiones del pa\u00eds, esto implica el desarrollo territorial y comunitario.<br>Fortalecer la descentralizaci\u00f3n pol\u00edtica, administrativa, financiera y de competencias. Chile es un pa\u00eds altamente centralizado donde el nivel regional es el menos desarrollado, donde incluso el nivel local tiene mayor nivel de autonom\u00eda, sobre todo porque sus autoridades, desde hace tres d\u00e9cadas son electos directamente por la ciudadan\u00eda.<br>El nivel regional tiene un rezago en lo pol\u00edtico, lo que reci\u00e9n ahora se normaliza con la elecci\u00f3n directa de los gobernadores y las gobernadoras regionales.<br>Articular la interlocuci\u00f3n entre los gobernadores y las gobernadoras regionales con los poderes del Estado Central en aquellas materias que afectan el conjunto de los gobiernos regionales.<\/p>\n<\/div>\n<\/div>\n","protected":false},"excerpt":{"rendered":"<p>Misi\u00f3n \/ Visi\u00f3n Misi\u00f3n El sentido que define la asociaci\u00f3n es potenciar el desarrollo territorial y a trav\u00e9s de la descentralizaci\u00f3n del Estado.Si bien las asociaciones son eminentemente pol\u00edticas, tanto&#8230;<\/p>\n","protected":false},"author":1,"featured_media":0,"parent":0,"menu_order":0,"comment_status":"closed","ping_status":"closed","template":"","meta":{"_acf_changed":false,"_uag_custom_page_level_css":"","_kadence_starter_templates_imported_post":false,"_kad_post_transparent":"","_kad_post_title":"","_kad_post_layout":"","_kad_post_sidebar_id":"","_kad_post_content_style":"","_kad_post_vertical_padding":"","_kad_post_feature":"","_kad_post_feature_position":"","_kad_post_header":false,"_kad_post_footer":false,"footnotes":""},"class_list":["post-1001","page","type-page","status-publish","hentry"],"acf":[],"uagb_featured_image_src":{"full":false,"thumbnail":false,"medium":false,"medium_large":false,"large":false,"1536x1536":false,"2048x2048":false},"uagb_author_info":{"display_name":"admin","author_link":"https:\/\/agorechi.cl\/index.php\/author\/admin\/"},"uagb_comment_info":0,"uagb_excerpt":"Misi\u00f3n \/ Visi\u00f3n Misi\u00f3n El sentido que define la asociaci\u00f3n es potenciar el desarrollo territorial y a trav\u00e9s de la descentralizaci\u00f3n del Estado.Si bien las asociaciones son eminentemente pol\u00edticas, tanto...","_links":{"self":[{"href":"https:\/\/agorechi.cl\/index.php\/wp-json\/wp\/v2\/pages\/1001","targetHints":{"allow":["GET"]}}],"collection":[{"href":"https:\/\/agorechi.cl\/index.php\/wp-json\/wp\/v2\/pages"}],"about":[{"href":"https:\/\/agorechi.cl\/index.php\/wp-json\/wp\/v2\/types\/page"}],"author":[{"embeddable":true,"href":"https:\/\/agorechi.cl\/index.php\/wp-json\/wp\/v2\/users\/1"}],"replies":[{"embeddable":true,"href":"https:\/\/agorechi.cl\/index.php\/wp-json\/wp\/v2\/comments?post=1001"}],"version-history":[{"count":13,"href":"https:\/\/agorechi.cl\/index.php\/wp-json\/wp\/v2\/pages\/1001\/revisions"}],"predecessor-version":[{"id":1269,"href":"https:\/\/agorechi.cl\/index.php\/wp-json\/wp\/v2\/pages\/1001\/revisions\/1269"}],"wp:attachment":[{"href":"https:\/\/agorechi.cl\/index.php\/wp-json\/wp\/v2\/media?parent=1001"}],"curies":[{"name":"wp","href":"https:\/\/api.w.org\/{rel}","templated":true}]}}